{"id":1410,"date":"2015-02-23T16:58:09","date_gmt":"2015-02-23T14:58:09","guid":{"rendered":"https:\/\/www.funiculart.fr\/ressources\/?page_id=1410"},"modified":"2021-03-11T12:38:41","modified_gmt":"2021-03-11T10:38:41","slug":"galerie-excentric-maubeuge","status":"publish","type":"page","link":"https:\/\/www.funiculart.fr\/ressources\/galerie-excentric-maubeuge\/","title":{"rendered":"Galerie Excentric Maubeuge"},"content":{"rendered":"<p>Voici un lieu sympa qui propose des r\u00e9sidences d&rsquo;artistes et un lieu d&rsquo;expo plut\u00f4t pas mal&#8230; 60m2 dans un ancien commerce de la ville de Maubeuge.<br \/>\npour les lieux d&rsquo;expo et surtout les r\u00e9sidences possibles ( deux ateliers et une expo \u00e0 la clef)<br \/>\nLa premi\u00e8re expo a eut lieu ce mois de f\u00e9vrier 2015 avec l&rsquo;artiste Judith Williame qui a essuy\u00e9 les pl\u00e2tres!<br \/>\nVoici le lien Facebook vers cette association toute fra\u00eeche:<br \/>\nhttps:\/\/www.facebook.com\/<wbr><\/wbr>profile.php?id=<wbr><\/wbr>100008526003415&amp;fref=ts<\/p>\n<!-- Rendered by FancyBox without labels BEGIN -->\n\n\t<style type=\"text\/css\">\n\t\t\t\t\t#gallery-0 {\n\t\t\t\t\t\tmargin: auto;\n\t\t\t\t\t}\n\t\t\t\t\t#gallery-0 .gallery-item {\n\t\t\t\t\t\tfloat: left;\n\t\t\t\t\t\tmargin-top: 10px;\n\t\t\t\t\t\ttext-align: center;\n\t\t\t\t\t\twidth: 32%;\n\t\t\t\t\t}\n\t\t\t\t\t#gallery-0 img {\n\t\t\t\t\t\tborder: 2px solid #cfcfcf;\n\t\t\t\t\t}\n\t\t\t\t\t#gallery-0 .gallery-caption {\n\t\t\t\t\t\tmargin-left: 0;\n\t\t\t\t\t}\n\t<\/style>\n<script type=\"text\/javascript\">\n$(document).ready(function() {\n\t\/*\n\t *  Simple image gallery. Uses default settings\n\t *\/\n\n\t$(\".fancybox\").fancybox({\n\t\t\"transitionIn\"\t\t: \"none\",\n\t\t\"transitionOut\"\t\t: \"none\",\n\t\t\"titlePosition\" \t: \"over\"\n\n\t});\n});\n<\/script>\n\n\t<div id=\"gallery-0\" class=\"gallery galleryid-0 gallery-size-thumbnail\" style=\"\"><dl class=\"gallery-item\"><dt class=\"gallery-icon\">\n\t\t<a class=\"fancybox\" href=\"https:\/\/www.funiculart.fr\/ressources\/wp-content\/uploads\/2015\/02\/10404450_1421233524837501_2548970562944715801_n.jpg\" rel=\"gallery-0\"><img loading=\"lazy\" decoding=\"async\" width=\"150\" height=\"300\" class=\"attachment-thumbnail\" alt=\"Excentric Maubeuge.\" src=\"https:\/\/www.funiculart.fr\/ressources\/wp-content\/uploads\/2015\/02\/10404450_1421233524837501_2548970562944715801_n-150x300.jpg\" \/><\/a><\/dt><\/dl>\n\n<dl class=\"gallery-item\"><dt class=\"gallery-icon\">\n\t\t<a class=\"fancybox\" href=\"https:\/\/www.funiculart.fr\/ressources\/wp-content\/uploads\/2015\/02\/10959424_1414010658893121_4431889467082548823_n.jpg\" rel=\"gallery-0\"><img loading=\"lazy\" decoding=\"async\" width=\"150\" height=\"300\" class=\"attachment-thumbnail\" alt=\"Excentric Maubeuge.\" src=\"https:\/\/www.funiculart.fr\/ressources\/wp-content\/uploads\/2015\/02\/10959424_1414010658893121_4431889467082548823_n-150x300.jpg\" \/><\/a><\/dt><\/dl>\n\n<dl class=\"gallery-item\"><dt class=\"gallery-icon\">\n\t\t<a class=\"fancybox\" href=\"https:\/\/www.funiculart.fr\/ressources\/wp-content\/uploads\/2015\/02\/10991364_1421233648170822_8555931261062819857_n.jpg\" rel=\"gallery-0\"><img loading=\"lazy\" decoding=\"async\" width=\"150\" height=\"300\" class=\"attachment-thumbnail\" alt=\"Excentric Maubeuge.\" src=\"https:\/\/www.funiculart.fr\/ressources\/wp-content\/uploads\/2015\/02\/10991364_1421233648170822_8555931261062819857_n-150x300.jpg\" \/><\/a><\/dt><\/dl>\n\n<\/div><br clear=\"all\" \/><!-- Rendered by FancyBox without labels END -->\n\n<p>Ce lieu vous est conseill\u00e9 par l&rsquo;Artiste Hugo Laruelle.<\/p>\n","protected":false},"excerpt":{"rendered":"<p>Voici un lieu sympa qui propose des r\u00e9sidences d&rsquo;artistes et un lieu d&rsquo;expo plut\u00f4t pas mal&#8230; 60m2 dans un ancien commerce de la ville de Maubeuge. pour les lieux d&rsquo;expo et surtout les r\u00e9sidences possibles ( deux ateliers et une expo \u00e0 la clef) La premi\u00e8re expo a eut lieu ce mois de f\u00e9vrier 2015 [&hellip;]<\/p>\n","protected":false},"author":1,"featured_media":0,"parent":0,"menu_order":0,"comment_status":"open","ping_status":"open","template":"","meta":{"footnotes":""},"class_list":["post-1410","page","type-page","status-publish","hentry"],"aioseo_notices":[],"_links":{"self":[{"href":"https:\/\/www.funiculart.fr\/ressources\/wp-json\/wp\/v2\/pages\/1410","targetHints":{"allow":["GET"]}}],"collection":[{"href":"https:\/\/www.funiculart.fr\/ressources\/wp-json\/wp\/v2\/pages"}],"about":[{"href":"https:\/\/www.funiculart.fr\/ressources\/wp-json\/wp\/v2\/types\/page"}],"author":[{"embeddable":true,"href":"https:\/\/www.funiculart.fr\/ressources\/wp-json\/wp\/v2\/users\/1"}],"replies":[{"embeddable":true,"href":"https:\/\/www.funiculart.fr\/ressources\/wp-json\/wp\/v2\/comments?post=1410"}],"version-history":[{"count":0,"href":"https:\/\/www.funiculart.fr\/ressources\/wp-json\/wp\/v2\/pages\/1410\/revisions"}],"wp:attachment":[{"href":"https:\/\/www.funiculart.fr\/ressources\/wp-json\/wp\/v2\/media?parent=1410"}],"curies":[{"name":"wp","href":"https:\/\/api.w.org\/{rel}","templated":true}]}}