{"id":1407,"date":"2015-02-23T16:47:47","date_gmt":"2015-02-23T14:47:47","guid":{"rendered":"https:\/\/www.funiculart.fr\/ressources\/?page_id=1407"},"modified":"2021-01-29T12:51:07","modified_gmt":"2021-01-29T10:51:07","slug":"frederic-pose-sur-lille-roubaix","status":"publish","type":"page","link":"https:\/\/www.funiculart.fr\/ressources\/frederic-pose-sur-lille-roubaix\/","title":{"rendered":"Fr\u00e9d\u00e9ric pose sur Lille Roubaix"},"content":{"rendered":"<p>Frederic &lt;<a href=\"mailto:dukato59@hotmail.fr\">dukato59@hotmail.fr<\/a>&gt;<\/p>\n<p>Homme, proche de Lille, pose comme mod\u00e8le pour dessin, peinture, sculpture.<br \/>\n1m74 -73 kgs . Disponible en\u00a0 journ\u00e9e, soir\u00e9e ou samedi.<br \/>\nSi vous souhaitez d&rsquo;autres renseignements, je vous r\u00e9pondrai avec plaisir.<\/p>\n<p><a href=\"https:\/\/www.funiculart.fr\/ressources\/wp-content\/uploads\/2015\/02\/img_0665_paint1bis.jpg\"><img loading=\"lazy\" decoding=\"async\" class=\"aligncenter size-full wp-image-1408\" src=\"https:\/\/www.funiculart.fr\/ressources\/wp-content\/uploads\/2015\/02\/img_0665_paint1bis.jpg\" alt=\"img_0665_paint1bis\" width=\"393\" height=\"575\" srcset=\"https:\/\/www.funiculart.fr\/ressources\/wp-content\/uploads\/2015\/02\/img_0665_paint1bis.jpg 393w, https:\/\/www.funiculart.fr\/ressources\/wp-content\/uploads\/2015\/02\/img_0665_paint1bis-273x400.jpg 273w\" sizes=\"auto, (max-width: 393px) 100vw, 393px\" \/><\/a><\/p>\n","protected":false},"excerpt":{"rendered":"<p>Frederic &lt;dukato59@hotmail.fr&gt; Homme, proche de Lille, pose comme mod\u00e8le pour dessin, peinture, sculpture. 1m74 -73 kgs . Disponible en\u00a0 journ\u00e9e, soir\u00e9e ou samedi. Si vous souhaitez d&rsquo;autres renseignements, je vous r\u00e9pondrai avec plaisir.<\/p>\n","protected":false},"author":1,"featured_media":0,"parent":0,"menu_order":0,"comment_status":"open","ping_status":"open","template":"","meta":{"footnotes":""},"class_list":["post-1407","page","type-page","status-publish","hentry"],"aioseo_notices":[],"_links":{"self":[{"href":"https:\/\/www.funiculart.fr\/ressources\/wp-json\/wp\/v2\/pages\/1407","targetHints":{"allow":["GET"]}}],"collection":[{"href":"https:\/\/www.funiculart.fr\/ressources\/wp-json\/wp\/v2\/pages"}],"about":[{"href":"https:\/\/www.funiculart.fr\/ressources\/wp-json\/wp\/v2\/types\/page"}],"author":[{"embeddable":true,"href":"https:\/\/www.funiculart.fr\/ressources\/wp-json\/wp\/v2\/users\/1"}],"replies":[{"embeddable":true,"href":"https:\/\/www.funiculart.fr\/ressources\/wp-json\/wp\/v2\/comments?post=1407"}],"version-history":[{"count":0,"href":"https:\/\/www.funiculart.fr\/ressources\/wp-json\/wp\/v2\/pages\/1407\/revisions"}],"wp:attachment":[{"href":"https:\/\/www.funiculart.fr\/ressources\/wp-json\/wp\/v2\/media?parent=1407"}],"curies":[{"name":"wp","href":"https:\/\/api.w.org\/{rel}","templated":true}]}}