{"id":1390,"date":"2015-02-11T16:58:17","date_gmt":"2015-02-11T14:58:17","guid":{"rendered":"https:\/\/www.funiculart.fr\/ressources\/?page_id=1390"},"modified":"2015-02-11T16:58:17","modified_gmt":"2015-02-11T14:58:17","slug":"femme-artiste-cherche-modele-sur-paris","status":"publish","type":"page","link":"https:\/\/www.funiculart.fr\/ressources\/femme-artiste-cherche-modele-sur-paris\/","title":{"rendered":"Femme artiste cherche mod\u00e8le sur Paris"},"content":{"rendered":"<p>roux &lt;<a href=\"mailto:2felixfaure@gmail.com\">2felixfaure@gmail.com<\/a>&gt;<\/p>\n<p>FEMME ARTISTE CHERCHE MODELE FEMME ANDROGYNE POUR POSER HABILLEE POUR UNE SCULPTURE.<br \/>\nPLUT\u00d4T GRANDE, MINCE, CHEVEUX COURTS OU MI-LONG, POITRINE PLATE.<\/p>\n<p>DUREE : UNE DEMI-JOURN\u00c9E DEBUT MARS<br \/>\nREMUNERATION PR\u00c9VUE<\/p>\n<p>MERCI D\u2019ENVOYER DEUX OU TROIS PHOTOS A<br \/>\n<a href=\"mailto:2felixfaure@gmail.com\">2felixfaure@gmail.com<\/a><\/p>\n","protected":false},"excerpt":{"rendered":"<p>roux &lt;2felixfaure@gmail.com&gt; FEMME ARTISTE CHERCHE MODELE FEMME ANDROGYNE POUR POSER HABILLEE POUR UNE SCULPTURE. PLUT\u00d4T GRANDE, MINCE, CHEVEUX COURTS OU MI-LONG, POITRINE PLATE. DUREE : UNE DEMI-JOURN\u00c9E DEBUT MARS REMUNERATION PR\u00c9VUE MERCI D\u2019ENVOYER DEUX OU TROIS PHOTOS A 2felixfaure@gmail.com<\/p>\n","protected":false},"author":1,"featured_media":0,"parent":0,"menu_order":0,"comment_status":"open","ping_status":"open","template":"","meta":{"footnotes":""},"class_list":["post-1390","page","type-page","status-publish","hentry"],"aioseo_notices":[],"_links":{"self":[{"href":"https:\/\/www.funiculart.fr\/ressources\/wp-json\/wp\/v2\/pages\/1390","targetHints":{"allow":["GET"]}}],"collection":[{"href":"https:\/\/www.funiculart.fr\/ressources\/wp-json\/wp\/v2\/pages"}],"about":[{"href":"https:\/\/www.funiculart.fr\/ressources\/wp-json\/wp\/v2\/types\/page"}],"author":[{"embeddable":true,"href":"https:\/\/www.funiculart.fr\/ressources\/wp-json\/wp\/v2\/users\/1"}],"replies":[{"embeddable":true,"href":"https:\/\/www.funiculart.fr\/ressources\/wp-json\/wp\/v2\/comments?post=1390"}],"version-history":[{"count":0,"href":"https:\/\/www.funiculart.fr\/ressources\/wp-json\/wp\/v2\/pages\/1390\/revisions"}],"wp:attachment":[{"href":"https:\/\/www.funiculart.fr\/ressources\/wp-json\/wp\/v2\/media?parent=1390"}],"curies":[{"name":"wp","href":"https:\/\/api.w.org\/{rel}","templated":true}]}}