{"id":1352,"date":"2015-01-26T15:10:25","date_gmt":"2015-01-26T13:10:25","guid":{"rendered":"https:\/\/www.funiculart.fr\/ressources\/?page_id=1352"},"modified":"2015-01-26T15:10:25","modified_gmt":"2015-01-26T13:10:25","slug":"stage-de-sculpture-laurent-messager","status":"publish","type":"page","link":"https:\/\/www.funiculart.fr\/ressources\/stage-de-sculpture-laurent-messager\/","title":{"rendered":"Stage de sculpture Laurent Messager"},"content":{"rendered":"<p>STAGE DE SCULPTURE<br \/>\nDu lundi 23 au vendredi 27 F\u00e9vrier 2015<br \/>\nStage d\u2019initiation \u00e0 la taille direct sur Siporex<br \/>\nHoraire : de 18h \u00e0 21h<br \/>\nLieu : salle de dessin mairie de Criel sur mer ( 76910 ) ( manoir de Brian\u00e7on )<br \/>\nTarif : 125 \u20ac la semaine.<br \/>\nLa mati\u00e8re premi\u00e8re est fournie ( siporex )<br \/>\nFournitures :<br \/>\n*Une scie \u00e0 guichet ( 8\u20ac environ chez brico-d\u00e9p\u00f4t le mod\u00e8le haut de gamme )<br \/>\n*une feuille d\u2019abrasif pour bois et pl\u00e2tre, grain moyen ou grain 80<br \/>\n\u00e9ventuellement cale \u00e0 poncer<br \/>\n*Un vieux couteau pointu ( sans dents !)<br \/>\n*des v\u00eatements de bricolage et un chiffon \u00e9pais ( serviette \u00e9ponge par exemple )<br \/>\nUn pinceau ( brosse ) pour b\u00e2timent de 3 \u00e0 5 cm de large<br \/>\n* Si vous avez chez vous des outils usag\u00e9s : r\u00e2pes rondes ou 1\/2<br \/>\nrondes, scie \u00e9go\u00efnes, ciseaux \u00e0 bois, balayette ou<br \/>\npinceaux b\u00e2timents, petite spatule \u00e0 enduire, \u00e9querre de<br \/>\nmenuisier, m\u00e8tre ruban, tous ces ustensiles peuvent \u00eatre utiles.<br \/>\nPas d\u2019outil neuf !<br \/>\nInscriptions: Tel : 02 35 86 37 90 ou 06 82 50 31 09<\/p>\n<p><a href=\"https:\/\/www.funiculart.fr\/ressources\/wp-content\/uploads\/2015\/01\/Amants.jpg\"><img loading=\"lazy\" decoding=\"async\" class=\"aligncenter size-full wp-image-1353\" src=\"https:\/\/www.funiculart.fr\/ressources\/wp-content\/uploads\/2015\/01\/Amants.jpg\" alt=\"Amants\" width=\"280\" height=\"640\" srcset=\"https:\/\/www.funiculart.fr\/ressources\/wp-content\/uploads\/2015\/01\/Amants.jpg 280w, https:\/\/www.funiculart.fr\/ressources\/wp-content\/uploads\/2015\/01\/Amants-175x400.jpg 175w\" sizes=\"auto, (max-width: 280px) 100vw, 280px\" \/><\/a><\/p>\n","protected":false},"excerpt":{"rendered":"<p>STAGE DE SCULPTURE Du lundi 23 au vendredi 27 F\u00e9vrier 2015 Stage d\u2019initiation \u00e0 la taille direct sur Siporex Horaire : de 18h \u00e0 21h Lieu : salle de dessin mairie de Criel sur mer ( 76910 ) ( manoir de Brian\u00e7on ) Tarif : 125 \u20ac la semaine. La mati\u00e8re premi\u00e8re est fournie ( [&hellip;]<\/p>\n","protected":false},"author":1,"featured_media":0,"parent":0,"menu_order":0,"comment_status":"open","ping_status":"open","template":"","meta":{"footnotes":""},"class_list":["post-1352","page","type-page","status-publish","hentry"],"aioseo_notices":[],"_links":{"self":[{"href":"https:\/\/www.funiculart.fr\/ressources\/wp-json\/wp\/v2\/pages\/1352","targetHints":{"allow":["GET"]}}],"collection":[{"href":"https:\/\/www.funiculart.fr\/ressources\/wp-json\/wp\/v2\/pages"}],"about":[{"href":"https:\/\/www.funiculart.fr\/ressources\/wp-json\/wp\/v2\/types\/page"}],"author":[{"embeddable":true,"href":"https:\/\/www.funiculart.fr\/ressources\/wp-json\/wp\/v2\/users\/1"}],"replies":[{"embeddable":true,"href":"https:\/\/www.funiculart.fr\/ressources\/wp-json\/wp\/v2\/comments?post=1352"}],"version-history":[{"count":0,"href":"https:\/\/www.funiculart.fr\/ressources\/wp-json\/wp\/v2\/pages\/1352\/revisions"}],"wp:attachment":[{"href":"https:\/\/www.funiculart.fr\/ressources\/wp-json\/wp\/v2\/media?parent=1352"}],"curies":[{"name":"wp","href":"https:\/\/api.w.org\/{rel}","templated":true}]}}