{"id":1344,"date":"2015-01-26T14:50:09","date_gmt":"2015-01-26T12:50:09","guid":{"rendered":"https:\/\/www.funiculart.fr\/ressources\/?page_id=1344"},"modified":"2015-01-26T14:51:34","modified_gmt":"2015-01-26T12:51:34","slug":"artiste-cherche-modele-sur-amiens","status":"publish","type":"page","link":"https:\/\/www.funiculart.fr\/ressources\/artiste-cherche-modele-sur-amiens\/","title":{"rendered":"Artiste cherche mod\u00e8le sur Amiens"},"content":{"rendered":"<p>Cali &lt;<a href=\"mailto:anti-cali@hotmail.fr\">anti-cali@hotmail.fr<\/a>&gt;<\/p>\n<p>Artiste confirm\u00e9 cherche mod\u00e8le f\u00e9minin \u00e0 Amiens, pour r\u00e9aliser des dessins de nus.<\/p>\n<p><a href=\"https:\/\/www.funiculart.fr\/ressources\/wp-content\/uploads\/2015\/01\/justine.jpg\"><img loading=\"lazy\" decoding=\"async\" class=\"aligncenter size-full wp-image-1345\" src=\"https:\/\/www.funiculart.fr\/ressources\/wp-content\/uploads\/2015\/01\/justine.jpg\" alt=\"justine\" width=\"1233\" height=\"1476\" srcset=\"https:\/\/www.funiculart.fr\/ressources\/wp-content\/uploads\/2015\/01\/justine.jpg 1233w, https:\/\/www.funiculart.fr\/ressources\/wp-content\/uploads\/2015\/01\/justine-334x400.jpg 334w, https:\/\/www.funiculart.fr\/ressources\/wp-content\/uploads\/2015\/01\/justine-855x1024.jpg 855w\" sizes=\"auto, (max-width: 1233px) 100vw, 1233px\" \/><\/a><\/p>\n","protected":false},"excerpt":{"rendered":"<p>Cali &lt;anti-cali@hotmail.fr&gt; Artiste confirm\u00e9 cherche mod\u00e8le f\u00e9minin \u00e0 Amiens, pour r\u00e9aliser des dessins de nus.<\/p>\n","protected":false},"author":1,"featured_media":0,"parent":0,"menu_order":0,"comment_status":"open","ping_status":"open","template":"","meta":{"footnotes":""},"class_list":["post-1344","page","type-page","status-publish","hentry"],"aioseo_notices":[],"_links":{"self":[{"href":"https:\/\/www.funiculart.fr\/ressources\/wp-json\/wp\/v2\/pages\/1344","targetHints":{"allow":["GET"]}}],"collection":[{"href":"https:\/\/www.funiculart.fr\/ressources\/wp-json\/wp\/v2\/pages"}],"about":[{"href":"https:\/\/www.funiculart.fr\/ressources\/wp-json\/wp\/v2\/types\/page"}],"author":[{"embeddable":true,"href":"https:\/\/www.funiculart.fr\/ressources\/wp-json\/wp\/v2\/users\/1"}],"replies":[{"embeddable":true,"href":"https:\/\/www.funiculart.fr\/ressources\/wp-json\/wp\/v2\/comments?post=1344"}],"version-history":[{"count":0,"href":"https:\/\/www.funiculart.fr\/ressources\/wp-json\/wp\/v2\/pages\/1344\/revisions"}],"wp:attachment":[{"href":"https:\/\/www.funiculart.fr\/ressources\/wp-json\/wp\/v2\/media?parent=1344"}],"curies":[{"name":"wp","href":"https:\/\/api.w.org\/{rel}","templated":true}]}}