{"id":1264,"date":"2015-01-12T16:40:41","date_gmt":"2015-01-12T14:40:41","guid":{"rendered":"https:\/\/www.funiculart.fr\/ressources\/?page_id=1264"},"modified":"2024-10-30T16:52:04","modified_gmt":"2024-10-30T14:52:04","slug":"simon-cherche-modele-en-languedoc","status":"publish","type":"page","link":"https:\/\/www.funiculart.fr\/ressources\/simon-cherche-modele-en-languedoc\/","title":{"rendered":"Simon cherche mod\u00e8le en Languedoc"},"content":{"rendered":"<p>Simon &lt;<a href=\"mailto:atelier.nomade30@gmail.com\">atelier.nomade30@gmail.com<\/a>&gt;<\/p>\n<p>www.deesses-totems.book.fr<br \/>\nCherche mod\u00e8le<br \/>\nLanguedoc: urgent je recherche un mod\u00e8le f\u00e9minin pour r\u00e9aliser une s\u00e9rie noir et blanc en demi-nu et nu avec des masques \u00ab\u00a0d\u00e9jant\u00e9s\u00a0\u00bb dans la nature dans des lieux atypiques.<br \/>\nExpression corporelle n\u00e9cessaire.<br \/>\nInfos sur demande.<\/p>\n","protected":false},"excerpt":{"rendered":"<p>Simon &lt;atelier.nomade30@gmail.com&gt; www.deesses-totems.book.fr Cherche mod\u00e8le Languedoc: urgent je recherche un mod\u00e8le f\u00e9minin pour r\u00e9aliser une s\u00e9rie noir et blanc en demi-nu et nu avec des masques \u00ab\u00a0d\u00e9jant\u00e9s\u00a0\u00bb dans la nature dans des lieux atypiques. Expression corporelle n\u00e9cessaire. Infos sur demande.<\/p>\n","protected":false},"author":1,"featured_media":0,"parent":0,"menu_order":0,"comment_status":"open","ping_status":"open","template":"","meta":{"footnotes":""},"class_list":["post-1264","page","type-page","status-publish","hentry"],"aioseo_notices":[],"_links":{"self":[{"href":"https:\/\/www.funiculart.fr\/ressources\/wp-json\/wp\/v2\/pages\/1264","targetHints":{"allow":["GET"]}}],"collection":[{"href":"https:\/\/www.funiculart.fr\/ressources\/wp-json\/wp\/v2\/pages"}],"about":[{"href":"https:\/\/www.funiculart.fr\/ressources\/wp-json\/wp\/v2\/types\/page"}],"author":[{"embeddable":true,"href":"https:\/\/www.funiculart.fr\/ressources\/wp-json\/wp\/v2\/users\/1"}],"replies":[{"embeddable":true,"href":"https:\/\/www.funiculart.fr\/ressources\/wp-json\/wp\/v2\/comments?post=1264"}],"version-history":[{"count":3,"href":"https:\/\/www.funiculart.fr\/ressources\/wp-json\/wp\/v2\/pages\/1264\/revisions"}],"predecessor-version":[{"id":4155,"href":"https:\/\/www.funiculart.fr\/ressources\/wp-json\/wp\/v2\/pages\/1264\/revisions\/4155"}],"wp:attachment":[{"href":"https:\/\/www.funiculart.fr\/ressources\/wp-json\/wp\/v2\/media?parent=1264"}],"curies":[{"name":"wp","href":"https:\/\/api.w.org\/{rel}","templated":true}]}}