{"id":1107,"date":"2014-06-23T08:10:26","date_gmt":"2014-06-23T06:10:26","guid":{"rendered":"https:\/\/www.funiculart.fr\/ressources\/?page_id=1107"},"modified":"2015-12-09T11:17:18","modified_gmt":"2015-12-09T09:17:18","slug":"mancardi-jean-jacques-aix-en-provence","status":"publish","type":"page","link":"https:\/\/www.funiculart.fr\/ressources\/mancardi-jean-jacques-aix-en-provence\/","title":{"rendered":"Mancardi Jean Jacques, Aix en Provence"},"content":{"rendered":"<p>Mancardi Jean Jacques &lt;<a href=\"mailto:mancardi.jj@gmail.com\">mancardi.jj@gmail.com<\/a>&gt;<\/p>\n<p>www.mancardisculpture.com<br \/>\nJe donne des cours de modelage et je recherche un mod\u00e8le f\u00e9minin.<br \/>\nMon atelier est \u00e0 30km d&rsquo;Aix en Provence ( il y a des bus pour 1\u20ac)<br \/>\nC&rsquo;est pour des s\u00e9ances de 3 heures avec petit groupe de 6 au maximum<br \/>\nMerci<\/p>\n","protected":false},"excerpt":{"rendered":"<p>Mancardi Jean Jacques &lt;mancardi.jj@gmail.com&gt; www.mancardisculpture.com Je donne des cours de modelage et je recherche un mod\u00e8le f\u00e9minin. Mon atelier est \u00e0 30km d&rsquo;Aix en Provence ( il y a des bus pour 1\u20ac) C&rsquo;est pour des s\u00e9ances de 3 heures avec petit groupe de 6 au maximum Merci<\/p>\n","protected":false},"author":1,"featured_media":0,"parent":0,"menu_order":0,"comment_status":"open","ping_status":"open","template":"","meta":{"footnotes":""},"class_list":["post-1107","page","type-page","status-publish","hentry"],"aioseo_notices":[],"_links":{"self":[{"href":"https:\/\/www.funiculart.fr\/ressources\/wp-json\/wp\/v2\/pages\/1107","targetHints":{"allow":["GET"]}}],"collection":[{"href":"https:\/\/www.funiculart.fr\/ressources\/wp-json\/wp\/v2\/pages"}],"about":[{"href":"https:\/\/www.funiculart.fr\/ressources\/wp-json\/wp\/v2\/types\/page"}],"author":[{"embeddable":true,"href":"https:\/\/www.funiculart.fr\/ressources\/wp-json\/wp\/v2\/users\/1"}],"replies":[{"embeddable":true,"href":"https:\/\/www.funiculart.fr\/ressources\/wp-json\/wp\/v2\/comments?post=1107"}],"version-history":[{"count":0,"href":"https:\/\/www.funiculart.fr\/ressources\/wp-json\/wp\/v2\/pages\/1107\/revisions"}],"wp:attachment":[{"href":"https:\/\/www.funiculart.fr\/ressources\/wp-json\/wp\/v2\/media?parent=1107"}],"curies":[{"name":"wp","href":"https:\/\/api.w.org\/{rel}","templated":true}]}}