{"id":1026,"date":"2014-04-28T12:04:40","date_gmt":"2014-04-28T10:04:40","guid":{"rendered":"https:\/\/www.funiculart.fr\/ressources\/?page_id=1026"},"modified":"2014-04-28T12:06:42","modified_gmt":"2014-04-28T10:06:42","slug":"galerie-yvert-a-amiens","status":"publish","type":"page","link":"https:\/\/www.funiculart.fr\/ressources\/galerie-yvert-a-amiens\/","title":{"rendered":"Galerie Yvert et Tellier \u00e0 Amiens"},"content":{"rendered":"<h2>Galerie Yvert et Tellier<\/h2>\n<p>Monsieur Beno\u00eet Gervais, Pr\u00e9sident Directeur G\u00e9n\u00e9ral et le personnel de la galerie Yvert et Tellier mettent tout en \u0153uvre pour accueillir les artistes. La volont\u00e9 premi\u00e8re de Monsieur Gervais est de mettre en avant le travail de l&rsquo;artiste qu&rsquo;il a choisi. Et afin d&rsquo;assurer le succ\u00e8s de l&rsquo;exposition un travail de qualit\u00e9 est fait sur la communication en amont de la pr\u00e9paration de l&rsquo;exposition. Le travail de l&rsquo;artiste est respect\u00e9 avec beaucoup de professionnalisme. Je recommanderai cette galerie \u00e0 mes coll\u00e8gues artistes professionnels.<\/p>\n<p>Mme Christelle KUAOVI, 2 rue de l&rsquo;\u00e9toile 80000 Amiens<br \/>\nTel : 03.22.71.01.14<\/p>\n<p><a href=\"http:\/\/www.galerie-yvert.com\/\">http:\/\/www.galerie-yvert.com\/<\/a><\/p>\n<!-- Rendered by FancyBox without labels BEGIN -->\n\n\t<style type=\"text\/css\">\n\t\t\t\t\t#gallery-0 {\n\t\t\t\t\t\tmargin: auto;\n\t\t\t\t\t}\n\t\t\t\t\t#gallery-0 .gallery-item {\n\t\t\t\t\t\tfloat: left;\n\t\t\t\t\t\tmargin-top: 10px;\n\t\t\t\t\t\ttext-align: center;\n\t\t\t\t\t\twidth: 32%;\n\t\t\t\t\t}\n\t\t\t\t\t#gallery-0 img {\n\t\t\t\t\t\tborder: 2px solid #cfcfcf;\n\t\t\t\t\t}\n\t\t\t\t\t#gallery-0 .gallery-caption {\n\t\t\t\t\t\tmargin-left: 0;\n\t\t\t\t\t}\n\t<\/style>\n<script type=\"text\/javascript\">\n$(document).ready(function() {\n\t\/*\n\t *  Simple image gallery. Uses default settings\n\t *\/\n\n\t$(\".fancybox\").fancybox({\n\t\t\"transitionIn\"\t\t: \"none\",\n\t\t\"transitionOut\"\t\t: \"none\",\n\t\t\"titlePosition\" \t: \"over\"\n\n\t});\n});\n<\/script>\n\n\t<div id=\"gallery-0\" class=\"gallery galleryid-0 gallery-size-thumbnail\" style=\"\"><dl class=\"gallery-item\"><dt class=\"gallery-icon\">\n\t\t<a class=\"fancybox\" href=\"https:\/\/www.funiculart.fr\/ressources\/wp-content\/uploads\/2014\/04\/Galerie-Yvert-et-Tellier-1.jpg\" rel=\"gallery-0\"><img loading=\"lazy\" decoding=\"async\" width=\"150\" height=\"300\" class=\"attachment-thumbnail\" alt=\"\" src=\"https:\/\/www.funiculart.fr\/ressources\/wp-content\/uploads\/2014\/04\/Galerie-Yvert-et-Tellier-1-150x300.jpg\" \/><\/a><\/dt><\/dl>\n\n<dl class=\"gallery-item\"><dt class=\"gallery-icon\">\n\t\t<a class=\"fancybox\" href=\"https:\/\/www.funiculart.fr\/ressources\/wp-content\/uploads\/2014\/04\/Galerie-Yvert-et-Tellier-2.jpg\" rel=\"gallery-0\"><img loading=\"lazy\" decoding=\"async\" width=\"150\" height=\"300\" class=\"attachment-thumbnail\" alt=\"\" src=\"https:\/\/www.funiculart.fr\/ressources\/wp-content\/uploads\/2014\/04\/Galerie-Yvert-et-Tellier-2-150x300.jpg\" \/><\/a><\/dt><\/dl>\n\n<dl class=\"gallery-item\"><dt class=\"gallery-icon\">\n\t\t<a class=\"fancybox\" href=\"https:\/\/www.funiculart.fr\/ressources\/wp-content\/uploads\/2014\/04\/Galerie-Yvert-et-Tellier-3.jpg\" rel=\"gallery-0\"><img loading=\"lazy\" decoding=\"async\" width=\"150\" height=\"280\" class=\"attachment-thumbnail\" alt=\"\" src=\"https:\/\/www.funiculart.fr\/ressources\/wp-content\/uploads\/2014\/04\/Galerie-Yvert-et-Tellier-3-150x280.jpg\" \/><\/a><\/dt><\/dl>\n\n<\/div><br clear=\"all\" \/><!-- Rendered by FancyBox without labels END -->\n\n<p>Lieu conseill\u00e9 par <a href=\"http:\/\/www.mary-chaplin.com\/\">Mary Chaplin<\/a><\/p>\n","protected":false},"excerpt":{"rendered":"<p>Galerie Yvert et Tellier Monsieur Beno\u00eet Gervais, Pr\u00e9sident Directeur G\u00e9n\u00e9ral et le personnel de la galerie Yvert et Tellier mettent tout en \u0153uvre pour accueillir les artistes. La volont\u00e9 premi\u00e8re de Monsieur Gervais est de mettre en avant le travail de l&rsquo;artiste qu&rsquo;il a choisi. Et afin d&rsquo;assurer le succ\u00e8s de l&rsquo;exposition un travail de [&hellip;]<\/p>\n","protected":false},"author":1,"featured_media":0,"parent":0,"menu_order":0,"comment_status":"open","ping_status":"open","template":"","meta":{"footnotes":""},"class_list":["post-1026","page","type-page","status-publish","hentry"],"aioseo_notices":[],"_links":{"self":[{"href":"https:\/\/www.funiculart.fr\/ressources\/wp-json\/wp\/v2\/pages\/1026","targetHints":{"allow":["GET"]}}],"collection":[{"href":"https:\/\/www.funiculart.fr\/ressources\/wp-json\/wp\/v2\/pages"}],"about":[{"href":"https:\/\/www.funiculart.fr\/ressources\/wp-json\/wp\/v2\/types\/page"}],"author":[{"embeddable":true,"href":"https:\/\/www.funiculart.fr\/ressources\/wp-json\/wp\/v2\/users\/1"}],"replies":[{"embeddable":true,"href":"https:\/\/www.funiculart.fr\/ressources\/wp-json\/wp\/v2\/comments?post=1026"}],"version-history":[{"count":0,"href":"https:\/\/www.funiculart.fr\/ressources\/wp-json\/wp\/v2\/pages\/1026\/revisions"}],"wp:attachment":[{"href":"https:\/\/www.funiculart.fr\/ressources\/wp-json\/wp\/v2\/media?parent=1026"}],"curies":[{"name":"wp","href":"https:\/\/api.w.org\/{rel}","templated":true}]}}