{"id":1005,"date":"2014-03-17T12:30:52","date_gmt":"2014-03-17T10:30:52","guid":{"rendered":"https:\/\/www.funiculart.fr\/ressources\/?page_id=1005"},"modified":"2014-03-17T12:30:52","modified_gmt":"2014-03-17T10:30:52","slug":"marlene-sur-paris-et-loiret","status":"publish","type":"page","link":"https:\/\/www.funiculart.fr\/ressources\/marlene-sur-paris-et-loiret\/","title":{"rendered":"Marl\u00e8ne Sur paris et loiret"},"content":{"rendered":"<p>Marl\u00e8ne &lt;<a href=\"mailto:marlene.patillaut@gmail.com\">marlene.patillaut@gmail.com<\/a>&gt;<\/p>\n<p>Bonjour,<\/p>\n<p>Je suis volontaire pour poser comme mod\u00e8le selon la demande de l&rsquo;artiste. Je ne pose pas nue sauf si vous \u00eates une femme. Je mesure 1m56, d\u00e9sol\u00e9e pour la taille mannequin &#8230; Je fais du 34\/32 en taille de hanche. Je suis disponible sur paris, et le d\u00e9partement du Loiret. Je prend environs 10 euros de l&rsquo;heure et souple au niveau des horaires.<\/p>\n<p>Je me propose car j&rsquo;aime l&rsquo;art sur toute ces formes, que ce soit la photo, la peinture (j&rsquo;en fait moi m\u00eame), la sculpture, le dessin et la musique &#8230; Alors si je peux aider un artiste \u00e0 rendre le travail qu&rsquo;il d\u00e9sire je le ferais avec plaisir.<\/p>\n<p>Marl\u00e8ne.<\/p>\n<!-- Rendered by FancyBox without labels BEGIN -->\n\n\t<style type=\"text\/css\">\n\t\t\t\t\t#gallery-0 {\n\t\t\t\t\t\tmargin: auto;\n\t\t\t\t\t}\n\t\t\t\t\t#gallery-0 .gallery-item {\n\t\t\t\t\t\tfloat: left;\n\t\t\t\t\t\tmargin-top: 10px;\n\t\t\t\t\t\ttext-align: center;\n\t\t\t\t\t\twidth: 32%;\n\t\t\t\t\t}\n\t\t\t\t\t#gallery-0 img {\n\t\t\t\t\t\tborder: 2px solid #cfcfcf;\n\t\t\t\t\t}\n\t\t\t\t\t#gallery-0 .gallery-caption {\n\t\t\t\t\t\tmargin-left: 0;\n\t\t\t\t\t}\n\t<\/style>\n<script type=\"text\/javascript\">\n$(document).ready(function() {\n\t\/*\n\t *  Simple image gallery. Uses default settings\n\t *\/\n\n\t$(\".fancybox\").fancybox({\n\t\t\"transitionIn\"\t\t: \"none\",\n\t\t\"transitionOut\"\t\t: \"none\",\n\t\t\"titlePosition\" \t: \"over\"\n\n\t});\n});\n<\/script>\n\n\t<div id=\"gallery-0\" class=\"gallery galleryid-0 gallery-size-thumbnail\" style=\"\"><dl class=\"gallery-item\"><dt class=\"gallery-icon\">\n\t\t<a class=\"fancybox\" href=\"https:\/\/www.funiculart.fr\/ressources\/wp-content\/uploads\/2014\/03\/IMG_1684.jpg\" rel=\"gallery-0\"><img loading=\"lazy\" decoding=\"async\" width=\"150\" height=\"300\" class=\"attachment-thumbnail\" alt=\"\" src=\"https:\/\/www.funiculart.fr\/ressources\/wp-content\/uploads\/2014\/03\/IMG_1684-150x300.jpg\" \/><\/a><\/dt><\/dl>\n\n<dl class=\"gallery-item\"><dt class=\"gallery-icon\">\n\t\t<a class=\"fancybox\" href=\"https:\/\/www.funiculart.fr\/ressources\/wp-content\/uploads\/2014\/03\/IMG_1687.jpg\" rel=\"gallery-0\"><img loading=\"lazy\" decoding=\"async\" width=\"150\" height=\"300\" class=\"attachment-thumbnail\" alt=\"\" src=\"https:\/\/www.funiculart.fr\/ressources\/wp-content\/uploads\/2014\/03\/IMG_1687-150x300.jpg\" \/><\/a><\/dt><\/dl>\n\n<dl class=\"gallery-item\"><dt class=\"gallery-icon\">\n\t\t<a class=\"fancybox\" href=\"https:\/\/www.funiculart.fr\/ressources\/wp-content\/uploads\/2014\/03\/IMG_1689.jpg\" rel=\"gallery-0\"><img loading=\"lazy\" decoding=\"async\" width=\"150\" height=\"300\" class=\"attachment-thumbnail\" alt=\"\" src=\"https:\/\/www.funiculart.fr\/ressources\/wp-content\/uploads\/2014\/03\/IMG_1689-150x300.jpg\" \/><\/a><\/dt><\/dl>\n\n<\/div><br clear=\"all\" \/><!-- Rendered by FancyBox without labels END -->\n\n","protected":false},"excerpt":{"rendered":"<p>Marl\u00e8ne &lt;marlene.patillaut@gmail.com&gt; Bonjour, Je suis volontaire pour poser comme mod\u00e8le selon la demande de l&rsquo;artiste. Je ne pose pas nue sauf si vous \u00eates une femme. Je mesure 1m56, d\u00e9sol\u00e9e pour la taille mannequin &#8230; Je fais du 34\/32 en taille de hanche. Je suis disponible sur paris, et le d\u00e9partement du Loiret. Je prend [&hellip;]<\/p>\n","protected":false},"author":1,"featured_media":0,"parent":0,"menu_order":0,"comment_status":"open","ping_status":"open","template":"","meta":{"footnotes":""},"class_list":["post-1005","page","type-page","status-publish","hentry"],"aioseo_notices":[],"_links":{"self":[{"href":"https:\/\/www.funiculart.fr\/ressources\/wp-json\/wp\/v2\/pages\/1005","targetHints":{"allow":["GET"]}}],"collection":[{"href":"https:\/\/www.funiculart.fr\/ressources\/wp-json\/wp\/v2\/pages"}],"about":[{"href":"https:\/\/www.funiculart.fr\/ressources\/wp-json\/wp\/v2\/types\/page"}],"author":[{"embeddable":true,"href":"https:\/\/www.funiculart.fr\/ressources\/wp-json\/wp\/v2\/users\/1"}],"replies":[{"embeddable":true,"href":"https:\/\/www.funiculart.fr\/ressources\/wp-json\/wp\/v2\/comments?post=1005"}],"version-history":[{"count":0,"href":"https:\/\/www.funiculart.fr\/ressources\/wp-json\/wp\/v2\/pages\/1005\/revisions"}],"wp:attachment":[{"href":"https:\/\/www.funiculart.fr\/ressources\/wp-json\/wp\/v2\/media?parent=1005"}],"curies":[{"name":"wp","href":"https:\/\/api.w.org\/{rel}","templated":true}]}}